{"id":580,"date":"2020-11-05T15:53:37","date_gmt":"2020-11-05T15:53:37","guid":{"rendered":"http:\/\/139.91.162.68\/?page_id=580"},"modified":"2026-01-07T10:59:00","modified_gmt":"2026-01-07T10:59:00","slug":"alumni","status":"publish","type":"page","link":"https:\/\/dendrites.gr\/?page_id=580","title":{"rendered":"Alumni"},"content":{"rendered":"<h4 style=\"text-align: left;\">Postdoctoral fellows<\/h4>\n<hr \/>\n<ul>\n<li>Anthi Apostolopoulou (now Postdoctoral Researcher at Pitsouli Lab University of Cyprus)<\/li>\n<li><a href=\"https:\/\/www.imbb.forth.gr\/en\/research-en\/item\/5939-papoutsi-athanasia\" target=\"_blank\" rel=\"noopener\">Athanasia Papoutsi (now Staff Scientist, Froudarakis Lab, IMBB, FORTH, Heraklion, Greece)<\/a><\/li>\n<li>Athanassios Spathis (now Chief Executive Officer at SyNoesis Therapeutics<\/li>\n<li><a href=\"http:\/\/users.auth.gr\/ppetrant\/\" target=\"_blank\" rel=\"noopener\">Panagiotis Petrantonakis (now Assistant Professor, Aristotle University of Thessaloniki, Greece)<\/a><\/li>\n<li><a href=\"https:\/\/www.ics.forth.gr\/person\/Pavlidis\/Pavlos\">Pavlos Pavlidis (now Principal Researcher in ICS, FORTH, Heraklion, Greece)<\/a><\/li>\n<li><a href=\"https:\/\/euaa.europa.eu\/\">Constantinos Melachrinos (now Researcher at the European Union Agency for Asylum)<\/a><\/li>\n<li><a href=\"https:\/\/www.benauffarth.com\/\">Benjamin Auffarth (now independent Data Expert and AI Consultant)<\/a><\/li>\n<li><a href=\"http:\/\/www.vassiliscutsuridis.org\/\">Vassilis Cutsurides (now Lecturer at the University of Lincoln, U.K)<\/a><\/li>\n<li><a href=\"https:\/\/www.sidiropouloulab.com\/\">Kiki Sidiropoulou (now Assistant Professor in the Department of Biology, University of Crete, Heraklion, Greece<\/a><a href=\"https:\/\/www.sidiropouloulab.com\/\">)<\/a><\/li>\n<li>Jos\u00e9 Francisco G\u00f3mez-Gonz\u00e1lez (now Professor, Department of Industrial Engineering, University of La Laguna, Tenerife, Spain)<\/li>\n<\/ul>\n<h4 style=\"text-align: left;\"><\/h4>\n<h4 style=\"text-align: left;\">Ph.D. candidates<\/h4>\n<hr \/>\n<ul>\n<li>Michalis Pagkalos (now a Postdoctoral Researcher in the lab)<\/li>\n<li><a href=\"https:\/\/vogelslab.org\/people\/\">Panos Bozelos (now a Research Technician in Vogels Lab)<\/a><\/li>\n<li>Stefanos S. Stefanou<\/li>\n<li>Spiros Chavlis (now a Postdoctoral Researcher in the lab)<\/li>\n<li>George Kastelakis (now a Postdoctoral Researcher in the lab)<\/li>\n<li><a href=\"https:\/\/cm.jefferson.edu\/staff-members\/nestoras-karathanasis\/\" target=\"_blank\" rel=\"noopener\">Nestoras Karathanassis (now a Teaching Assistant Professor, Philadelphia University, Philadelphia, USA)<\/a><\/li>\n<li>Athanasia Papoutsi<\/li>\n<li>Maria Manioudaki<\/li>\n<li>Anastasis Oulas<\/li>\n<li>Eleftheria Pissadaki<\/li>\n<li>Eleftheria Tzamali<\/li>\n<\/ul>\n<h4 style=\"text-align: left;\">Master students (Thesis)<\/h4>\n<hr \/>\n<ul>\n<li>Nikos Falalakis<\/li>\n<li>Anna Tsiamanta<\/li>\n<li>Christos Karageorgiou &#8211; Kaneen<\/li>\n<li>Georgina Nouli<\/li>\n<li>Nikos Malakasis<\/li>\n<li>Alexandros Chatzisavvas<\/li>\n<li>Simone Tasciotti (now a Ph.D. candidate in the lab)<\/li>\n<li>Akis Linardos<\/li>\n<li>Fabian Bentley (co-supervision with Matthew Larkum, Ph.D.)<\/li>\n<li>Ioanna Pandi (now a Ph.D. candidate in the lab)<\/li>\n<li>Georgia Kontodimou<\/li>\n<li>Eleni Genitsaridi<\/li>\n<li>Thodoris Tamiolakis<\/li>\n<li>Georgia Soursou<\/li>\n<li>Maria Karatsoli<\/li>\n<li>Michalis Pagkalos<\/li>\n<li>Kostas Petousakis (now a Ph.D. candidate in the lab)<\/li>\n<li>Alexandra Tzilivaki<\/li>\n<li>Manolis Kousanakis (co-supervision with Apostollos Dollas, Ph.D.)<\/li>\n<li>Georgia Kontodimou<\/li>\n<li>Eleni Gennitsaridi<\/li>\n<li>Evaggelia Pollali<\/li>\n<li>Daphne Krionerity<\/li>\n<li>Maria Psarou<\/li>\n<li>Issam Rabi<\/li>\n<li>Nestoras Karathanasis<\/li>\n<li>Katerina Gkirtzou<\/li>\n<li>Pavlos Pavlidis<\/li>\n<li>Maria Markaki<\/li>\n<\/ul>\n<h4 style=\"text-align: left;\">Master students (Rotators)<\/h4>\n<hr \/>\n<ul>\n<li>Zeinab Ahmadi<\/li>\n<li>Nikos Falalakis<\/li>\n<li>Kostantinos Migkos<\/li>\n<li>Giannis Markopoulos<\/li>\n<li>Alexandra Antoniadou<\/li>\n<li>Stamatis Aliprantis<\/li>\n<li>Maria Protopapa (now a Ph.D. candidate in the lab)<\/li>\n<li>Maria Samara<\/li>\n<li>Sofia Morou<\/li>\n<li>Emina Makedona<\/li>\n<li>Lito Parapera<\/li>\n<li>Sotiris Papadopoulos<\/li>\n<li>Ira Kostopoulou<\/li>\n<li>Vicky Kyrimi<\/li>\n<li>Kostas Kounakis<\/li>\n<li>Eirini Mytilinaiou<\/li>\n<\/ul>\n<h4 style=\"text-align: left;\">Undergraduate students<\/h4>\n<hr \/>\n<ul>\n<li>Erinni Mantouvalou<\/li>\n<li>Chloe Taylor<\/li>\n<li>Henry Flynn<\/li>\n<li>Iason Sifakis<\/li>\n<li>Kosmas Pinitas<\/li>\n<li>Emina Makedona<\/li>\n<li>Nikoletta Palatiana (co-supervision with Apostollos Dollas, Ph.D.)<\/li>\n<li>Pantzekos Lampros (co-supervision with Apostollos Dollas, Ph.D.)<\/li>\n<li>Manolis Kousanakis (co-supervision with Apostollos Dollas, Ph.D.)<\/li>\n<li>Stefanos Papadantonakis (co-supervision Pavlos Pavlidis, Ph.D.)<\/li>\n<li>Alexandra Tzilivaki<\/li>\n<li>Stellios Anastasakis<\/li>\n<li>Katerina Gkirtzou<\/li>\n<li>Philippa Constantinou<\/li>\n<li>Dimitrios Nakos<\/li>\n<\/ul>\n","protected":false},"excerpt":{"rendered":"<p>Postdoctoral fellows Anthi Apostolopoulou (now Postdoctoral Researcher at Pitsouli Lab University of Cyprus) Athanasia Papoutsi (now Staff Scientist, Froudarakis Lab, IMBB, FORTH, Heraklion, Greece) Athanassios Spathis (now Chief Executive Officer at SyNoesis Therapeutics Panagiotis Petrantonakis (now Assistant Professor, Aristotle University of Thessaloniki, Greece) Pavlos Pavlidis (now Principal Researcher in ICS, FORTH, Heraklion, Greece) Constantinos Melachrinos [&hellip;]<\/p>\n","protected":false},"author":5,"featured_media":0,"parent":265,"menu_order":0,"comment_status":"closed","ping_status":"closed","template":"","meta":{"_monsterinsights_skip_tracking":false,"_monsterinsights_sitenote_active":false,"_monsterinsights_sitenote_note":"","_monsterinsights_sitenote_category":0,"footnotes":""},"class_list":["post-580","page","type-page","status-publish","hentry","post"],"_links":{"self":[{"href":"https:\/\/dendrites.gr\/index.php?rest_route=\/wp\/v2\/pages\/580","targetHints":{"allow":["GET"]}}],"collection":[{"href":"https:\/\/dendrites.gr\/index.php?rest_route=\/wp\/v2\/pages"}],"about":[{"href":"https:\/\/dendrites.gr\/index.php?rest_route=\/wp\/v2\/types\/page"}],"author":[{"embeddable":true,"href":"https:\/\/dendrites.gr\/index.php?rest_route=\/wp\/v2\/users\/5"}],"replies":[{"embeddable":true,"href":"https:\/\/dendrites.gr\/index.php?rest_route=%2Fwp%2Fv2%2Fcomments&post=580"}],"version-history":[{"count":32,"href":"https:\/\/dendrites.gr\/index.php?rest_route=\/wp\/v2\/pages\/580\/revisions"}],"predecessor-version":[{"id":2965,"href":"https:\/\/dendrites.gr\/index.php?rest_route=\/wp\/v2\/pages\/580\/revisions\/2965"}],"up":[{"embeddable":true,"href":"https:\/\/dendrites.gr\/index.php?rest_route=\/wp\/v2\/pages\/265"}],"wp:attachment":[{"href":"https:\/\/dendrites.gr\/index.php?rest_route=%2Fwp%2Fv2%2Fmedia&parent=580"}],"curies":[{"name":"wp","href":"https:\/\/api.w.org\/{rel}","templated":true}]}}